{"id":2248,"date":"2026-01-16T11:47:36","date_gmt":"2026-01-16T10:47:36","guid":{"rendered":"https:\/\/punta-shopping.de\/shop\/?post_type=product&#038;p=2248"},"modified":"2026-01-16T11:48:35","modified_gmt":"2026-01-16T10:48:35","slug":"punta-weekend-animal-print","status":"publish","type":"product","link":"https:\/\/punta-shopping.de\/shop\/product\/punta-weekend-animal-print\/","title":{"rendered":"Punta Weekend &#8211; Animal print"},"content":{"rendered":"","protected":false},"excerpt":{"rendered":"<p>Unser Punta &#8222;Weekend&#8220; in Wei\u00df mit grauem Animal Print &#8211; praktisch und mega chic! Die elegante Form, die extragro\u00dfe \u00d6ffnung, die praktischen Tragegriffe sowie der Schultergurt machen diesen Weekender zu einem stylischen Begleiter f\u00fcr Alltag und Freizeit.<br \/>\n\u2022 zwei Tragegriffe und ein abnehmbarer Schultergurt<br \/>\n\u2022 extragro\u00dfe und praktische \u00d6ffnung zum Hauptfach<br \/>\n\u2022 Trolley-Aufsteckfunktion<br \/>\n\u2022 Ma\u00dfe: 49 x 37 x 27 cm<br \/>\n\u2022 Vol. 27 L<br \/>\n\u2022 Material: hochwertiges und strapazierf\u00e4higes Polyestermaterial<\/p>\n","protected":false},"featured_media":2238,"template":"","meta":[],"product_brand":[],"product_cat":[96],"product_tag":[],"class_list":{"0":"post-2248","1":"product","2":"type-product","3":"status-publish","4":"has-post-thumbnail","6":"product_cat-city-weekender","8":"first","9":"instock","10":"taxable","11":"shipping-taxable","12":"purchasable","13":"product-type-simple"},"_links":{"self":[{"href":"https:\/\/punta-shopping.de\/shop\/wp-json\/wp\/v2\/product\/2248","targetHints":{"allow":["GET"]}}],"collection":[{"href":"https:\/\/punta-shopping.de\/shop\/wp-json\/wp\/v2\/product"}],"about":[{"href":"https:\/\/punta-shopping.de\/shop\/wp-json\/wp\/v2\/types\/product"}],"wp:featuredmedia":[{"embeddable":true,"href":"https:\/\/punta-shopping.de\/shop\/wp-json\/wp\/v2\/media\/2238"}],"wp:attachment":[{"href":"https:\/\/punta-shopping.de\/shop\/wp-json\/wp\/v2\/media?parent=2248"}],"wp:term":[{"taxonomy":"product_brand","embeddable":true,"href":"https:\/\/punta-shopping.de\/shop\/wp-json\/wp\/v2\/product_brand?post=2248"},{"taxonomy":"product_cat","embeddable":true,"href":"https:\/\/punta-shopping.de\/shop\/wp-json\/wp\/v2\/product_cat?post=2248"},{"taxonomy":"product_tag","embeddable":true,"href":"https:\/\/punta-shopping.de\/shop\/wp-json\/wp\/v2\/product_tag?post=2248"}],"curies":[{"name":"wp","href":"https:\/\/api.w.org\/{rel}","templated":true}]}}