{"id":2245,"date":"2026-01-16T11:28:02","date_gmt":"2026-01-16T10:28:02","guid":{"rendered":"https:\/\/punta-shopping.de\/shop\/?post_type=product&#038;p=2245"},"modified":"2026-01-16T11:30:14","modified_gmt":"2026-01-16T10:30:14","slug":"punta-city-style-animal-print","status":"publish","type":"product","link":"https:\/\/punta-shopping.de\/shop\/product\/punta-city-style-animal-print\/","title":{"rendered":"Punta City Style &#8211; Animal print"},"content":{"rendered":"","protected":false},"excerpt":{"rendered":"<p>Unser Punta Rucksack &#8222;City Style&#8220; mit grauem Animal Print &#8211; praktisch und mega chic! Die elegante Form, die extra gro\u00dfe \u00d6ffnung und die praktischen Tragegriffe machen diesen Rucksack zum stylischen Begleiter f\u00fcr Alltag und Freizeit.<br \/>\n\u2022 zwei gepolsterte, verstellbare Schulterriemen, durch Tragegriffe auch als Tasche zu verwenden<br \/>\n\u2022 Rei\u00dfverschlussfach am R\u00fccken zum sicheren Verstauen von Wertsachen<br \/>\n\u2022 extra gro\u00dfe \u00d6ffnung, praktische Seitentaschen, Vortasche mit Rei\u00dfverschluss, gepolsterter R\u00fccken<br \/>\n\u2022 Ma\u00dfe: 26 x 37 x 19 cm<br \/>\n\u2022 Vol. 15 L<br \/>\n\u2022 Material: hochwertiges und strapazierf\u00e4higes Polyestermaterial<\/p>\n","protected":false},"featured_media":2242,"template":"","meta":[],"product_brand":[],"product_cat":[45],"product_tag":[],"class_list":{"0":"post-2245","1":"product","2":"type-product","3":"status-publish","4":"has-post-thumbnail","6":"product_cat-city-rucksack","8":"first","9":"instock","10":"taxable","11":"shipping-taxable","12":"purchasable","13":"product-type-simple"},"_links":{"self":[{"href":"https:\/\/punta-shopping.de\/shop\/wp-json\/wp\/v2\/product\/2245","targetHints":{"allow":["GET"]}}],"collection":[{"href":"https:\/\/punta-shopping.de\/shop\/wp-json\/wp\/v2\/product"}],"about":[{"href":"https:\/\/punta-shopping.de\/shop\/wp-json\/wp\/v2\/types\/product"}],"wp:featuredmedia":[{"embeddable":true,"href":"https:\/\/punta-shopping.de\/shop\/wp-json\/wp\/v2\/media\/2242"}],"wp:attachment":[{"href":"https:\/\/punta-shopping.de\/shop\/wp-json\/wp\/v2\/media?parent=2245"}],"wp:term":[{"taxonomy":"product_brand","embeddable":true,"href":"https:\/\/punta-shopping.de\/shop\/wp-json\/wp\/v2\/product_brand?post=2245"},{"taxonomy":"product_cat","embeddable":true,"href":"https:\/\/punta-shopping.de\/shop\/wp-json\/wp\/v2\/product_cat?post=2245"},{"taxonomy":"product_tag","embeddable":true,"href":"https:\/\/punta-shopping.de\/shop\/wp-json\/wp\/v2\/product_tag?post=2245"}],"curies":[{"name":"wp","href":"https:\/\/api.w.org\/{rel}","templated":true}]}}