{"id":2018,"date":"2025-03-24T11:19:56","date_gmt":"2025-03-24T10:19:56","guid":{"rendered":"https:\/\/punta-shopping.de\/shop\/?post_type=product&#038;p=2018"},"modified":"2026-04-13T07:42:32","modified_gmt":"2026-04-13T05:42:32","slug":"punta-weekend-romantic","status":"publish","type":"product","link":"https:\/\/punta-shopping.de\/shop\/product\/punta-weekend-romantic\/","title":{"rendered":"Punta Weekend &#8211; Romantic"},"content":{"rendered":"","protected":false},"excerpt":{"rendered":"<p>Unser Punta &#8222;Weekend&#8220; in Violett mit farbenfrohem Blumen-Print &#8211; praktisch und mega chic! Die elegante Form, die extragro\u00dfe \u00d6ffnung, die praktischen Tragegriffe sowie der Schultergurt machen diesen Weekender zu einem stylischen Begleiter f\u00fcr Alltag und Freizeit.<br \/>\n\u2022 zwei Tragegriffe und ein abnehmbarer Schultergurt<br \/>\n\u2022 extragro\u00dfe und praktische \u00d6ffnung zum Hauptfach<br \/>\n\u2022 Trolley-Aufsteckfunktion<br \/>\n\u2022 Ma\u00dfe: 49 x 37 x 27 cm<br \/>\n\u2022 Vol. 27 L<br \/>\n\u2022 Material: hochwertiges und strapazierf\u00e4higes Polyestermaterial<\/p>\n","protected":false},"featured_media":2013,"template":"","meta":[],"product_brand":[],"product_cat":[96],"product_tag":[42],"class_list":{"0":"post-2018","1":"product","2":"type-product","3":"status-publish","4":"has-post-thumbnail","6":"product_cat-city-weekender","7":"product_tag-ausverkauft","9":"first","10":"outofstock","11":"taxable","12":"shipping-taxable","13":"purchasable","14":"product-type-simple"},"_links":{"self":[{"href":"https:\/\/punta-shopping.de\/shop\/wp-json\/wp\/v2\/product\/2018","targetHints":{"allow":["GET"]}}],"collection":[{"href":"https:\/\/punta-shopping.de\/shop\/wp-json\/wp\/v2\/product"}],"about":[{"href":"https:\/\/punta-shopping.de\/shop\/wp-json\/wp\/v2\/types\/product"}],"wp:featuredmedia":[{"embeddable":true,"href":"https:\/\/punta-shopping.de\/shop\/wp-json\/wp\/v2\/media\/2013"}],"wp:attachment":[{"href":"https:\/\/punta-shopping.de\/shop\/wp-json\/wp\/v2\/media?parent=2018"}],"wp:term":[{"taxonomy":"product_brand","embeddable":true,"href":"https:\/\/punta-shopping.de\/shop\/wp-json\/wp\/v2\/product_brand?post=2018"},{"taxonomy":"product_cat","embeddable":true,"href":"https:\/\/punta-shopping.de\/shop\/wp-json\/wp\/v2\/product_cat?post=2018"},{"taxonomy":"product_tag","embeddable":true,"href":"https:\/\/punta-shopping.de\/shop\/wp-json\/wp\/v2\/product_tag?post=2018"}],"curies":[{"name":"wp","href":"https:\/\/api.w.org\/{rel}","templated":true}]}}