{"id":1995,"date":"2025-03-24T10:01:03","date_gmt":"2025-03-24T09:01:03","guid":{"rendered":"https:\/\/punta-shopping.de\/shop\/?post_type=product&#038;p=1995"},"modified":"2025-03-24T10:33:54","modified_gmt":"2025-03-24T09:33:54","slug":"punta-city-style-calm","status":"publish","type":"product","link":"https:\/\/punta-shopping.de\/shop\/product\/punta-city-style-calm\/","title":{"rendered":"Punta City Style &#8211; Calm"},"content":{"rendered":"","protected":false},"excerpt":{"rendered":"<p>Unser Punta Rucksack &#8222;City Style&#8220; in Wei\u00df mit edlem, geometrischen Print &#8211; praktisch und mega chic! Die elegante Form, die extra gro\u00dfe \u00d6ffnung und die praktischen Tragegriffe machen diesen Rucksack zum stylischen Begleiter f\u00fcr Alltag und Freizeit.<br \/>\n\u2022 zwei gepolsterte, verstellbare Schulterriemen, durch Tragegriffe auch als Tasche zu verwenden<br \/>\n\u2022 Rei\u00dfverschlussfach am R\u00fccken zum sicheren Verstauen von Wertsachen<br \/>\n\u2022 extra gro\u00dfe \u00d6ffnung, praktische Seitentaschen, Vortasche mit Rei\u00dfverschluss, gepolsterter R\u00fccken<br \/>\n\u2022 Ma\u00dfe: 26 x 37 x 19 cm<br \/>\n\u2022 Vol. 15 L<br \/>\n\u2022 Material: hochwertiges und strapazierf\u00e4higes Polyestermaterial<\/p>\n","protected":false},"featured_media":2000,"template":"","meta":[],"product_brand":[],"product_cat":[45],"product_tag":[],"class_list":{"0":"post-1995","1":"product","2":"type-product","3":"status-publish","4":"has-post-thumbnail","6":"product_cat-city-rucksack","8":"first","9":"instock","10":"taxable","11":"shipping-taxable","12":"purchasable","13":"product-type-simple"},"_links":{"self":[{"href":"https:\/\/punta-shopping.de\/shop\/wp-json\/wp\/v2\/product\/1995","targetHints":{"allow":["GET"]}}],"collection":[{"href":"https:\/\/punta-shopping.de\/shop\/wp-json\/wp\/v2\/product"}],"about":[{"href":"https:\/\/punta-shopping.de\/shop\/wp-json\/wp\/v2\/types\/product"}],"wp:featuredmedia":[{"embeddable":true,"href":"https:\/\/punta-shopping.de\/shop\/wp-json\/wp\/v2\/media\/2000"}],"wp:attachment":[{"href":"https:\/\/punta-shopping.de\/shop\/wp-json\/wp\/v2\/media?parent=1995"}],"wp:term":[{"taxonomy":"product_brand","embeddable":true,"href":"https:\/\/punta-shopping.de\/shop\/wp-json\/wp\/v2\/product_brand?post=1995"},{"taxonomy":"product_cat","embeddable":true,"href":"https:\/\/punta-shopping.de\/shop\/wp-json\/wp\/v2\/product_cat?post=1995"},{"taxonomy":"product_tag","embeddable":true,"href":"https:\/\/punta-shopping.de\/shop\/wp-json\/wp\/v2\/product_tag?post=1995"}],"curies":[{"name":"wp","href":"https:\/\/api.w.org\/{rel}","templated":true}]}}