{"id":1960,"date":"2025-03-16T17:14:02","date_gmt":"2025-03-16T16:14:02","guid":{"rendered":"https:\/\/punta-shopping.de\/shop\/?post_type=product&#038;p=1960"},"modified":"2026-03-11T08:05:36","modified_gmt":"2026-03-11T07:05:36","slug":"punta-big-wheel-purple-bloom","status":"publish","type":"product","link":"https:\/\/punta-shopping.de\/shop\/product\/punta-big-wheel-purple-bloom\/","title":{"rendered":"Punta Big Wheel &#8211; Purple Bloom"},"content":{"rendered":"","protected":false},"excerpt":{"rendered":"<p>Unsere Punta Big Wheel mit edlem violetten Blumen-Print. Einfach Rollen statt Schleppen &#8211; aber mit Style.<\/p>\n<p>\u2022 speziell entwickelte leicht laufende XL-R\u00e4der &#8211; extra leise<br \/>\n\u2022 stabiles Aluminiumgest\u00e4nge, mehrfach h\u00f6henverstellbar<br \/>\n\u2022 ger\u00e4umiges Hauptfach mit gro\u00dfer \u00d6ffnung<br \/>\n\u2022 praktische Vortasche mit Rei\u00dfverschluss<br \/>\n\u2022 extra Bordsteinschutz und stabile Stellf\u00fc\u00dfe<br \/>\n\u2022 bequem lange Trageriemen mit Klettverbinder<br \/>\n\u2022 19 kg Traglast<br \/>\n\u2022 Ma\u00dfe: 38 x 62 x 28 cm<br \/>\n\u2022 Volumen: 40l<br \/>\n\u2022 Material: hochwertiges und strapazierf\u00e4higes Polyestermaterial<\/p>\n","protected":false},"featured_media":1950,"template":"","meta":[],"product_brand":[],"product_cat":[40],"product_tag":[],"class_list":{"0":"post-1960","1":"product","2":"type-product","3":"status-publish","4":"has-post-thumbnail","6":"product_cat-punta-big-wheel","8":"first","9":"instock","10":"taxable","11":"shipping-taxable","12":"purchasable","13":"product-type-simple"},"_links":{"self":[{"href":"https:\/\/punta-shopping.de\/shop\/wp-json\/wp\/v2\/product\/1960","targetHints":{"allow":["GET"]}}],"collection":[{"href":"https:\/\/punta-shopping.de\/shop\/wp-json\/wp\/v2\/product"}],"about":[{"href":"https:\/\/punta-shopping.de\/shop\/wp-json\/wp\/v2\/types\/product"}],"wp:featuredmedia":[{"embeddable":true,"href":"https:\/\/punta-shopping.de\/shop\/wp-json\/wp\/v2\/media\/1950"}],"wp:attachment":[{"href":"https:\/\/punta-shopping.de\/shop\/wp-json\/wp\/v2\/media?parent=1960"}],"wp:term":[{"taxonomy":"product_brand","embeddable":true,"href":"https:\/\/punta-shopping.de\/shop\/wp-json\/wp\/v2\/product_brand?post=1960"},{"taxonomy":"product_cat","embeddable":true,"href":"https:\/\/punta-shopping.de\/shop\/wp-json\/wp\/v2\/product_cat?post=1960"},{"taxonomy":"product_tag","embeddable":true,"href":"https:\/\/punta-shopping.de\/shop\/wp-json\/wp\/v2\/product_tag?post=1960"}],"curies":[{"name":"wp","href":"https:\/\/api.w.org\/{rel}","templated":true}]}}