{"id":40,"date":"2021-05-18T16:13:40","date_gmt":"2021-05-18T14:13:40","guid":{"rendered":"https:\/\/punta-shopping.de\/shop\/versandarten\/"},"modified":"2022-04-22T08:58:58","modified_gmt":"2022-04-22T06:58:58","slug":"versandarten","status":"publish","type":"page","link":"https:\/\/punta-shopping.de\/shop\/versandarten\/","title":{"rendered":"Versandarten"},"content":{"rendered":"\n<h1 class=\"entry-title main_title\">Versandkosten &amp; Versandbedingungen<\/h1>\n<div class=\"entry-content\">\n<p>Versandkosten innerhalb Deutschland und nach \u00d6sterreich betragen je Lieferung pauschal \u20ac 3,95 (inkl. MwSt.).<\/p>\n<p>Ab einem Bestellwert von \u20ac 35,00 liefern wir versankostenfrei.<\/p>\n<p>Restliche EU-L\u00e4nder &amp; Nicht-EU Staaten werden aktuell nicht beliefert.<\/p>\n<p><strong>(1)\u00a0 \u00a0<\/strong>\u00a0Sollte ein vom Kunden bestelltes Produkt wider Erwarten trotz rechtzeitigem Abschluss eines ad\u00e4quaten Deckungsgesch\u00e4ftes aus einem vom Anbieter nicht zu vertretenden Gr\u00fcnden nicht verf\u00fcgbar sein, wird der Kunde unverz\u00fcglich \u00fcber die Nichtverf\u00fcgbarkeit informiert und im Falle des R\u00fccktritts etwa bereits geleistete Zahlungen unverz\u00fcglich erstattet.<\/p>\n<p><strong>(2)\u00a0\u00a0<\/strong>\u00a0Als Verbraucher wird der Kunde gebeten, die Ware bei Lieferung umgehend auf Vollst\u00e4ndigkeit, offensichtliche M\u00e4ngel und Transportsch\u00e4den zu \u00fcberpr\u00fcfen und Beanstandungen dem Anbieter und dem Spediteur schnellstm\u00f6glich mitzuteilen.<\/p>\n<\/div>\n\n","protected":false},"excerpt":{"rendered":"","protected":false},"author":1,"featured_media":0,"parent":0,"menu_order":0,"comment_status":"closed","ping_status":"closed","template":"","meta":{"footnotes":""},"class_list":["post-40","page","type-page","status-publish","hentry"],"_links":{"self":[{"href":"https:\/\/punta-shopping.de\/shop\/wp-json\/wp\/v2\/pages\/40","targetHints":{"allow":["GET"]}}],"collection":[{"href":"https:\/\/punta-shopping.de\/shop\/wp-json\/wp\/v2\/pages"}],"about":[{"href":"https:\/\/punta-shopping.de\/shop\/wp-json\/wp\/v2\/types\/page"}],"author":[{"embeddable":true,"href":"https:\/\/punta-shopping.de\/shop\/wp-json\/wp\/v2\/users\/1"}],"replies":[{"embeddable":true,"href":"https:\/\/punta-shopping.de\/shop\/wp-json\/wp\/v2\/comments?post=40"}],"version-history":[{"count":3,"href":"https:\/\/punta-shopping.de\/shop\/wp-json\/wp\/v2\/pages\/40\/revisions"}],"predecessor-version":[{"id":1248,"href":"https:\/\/punta-shopping.de\/shop\/wp-json\/wp\/v2\/pages\/40\/revisions\/1248"}],"wp:attachment":[{"href":"https:\/\/punta-shopping.de\/shop\/wp-json\/wp\/v2\/media?parent=40"}],"curies":[{"name":"wp","href":"https:\/\/api.w.org\/{rel}","templated":true}]}}