{"id":37,"date":"2021-05-18T16:13:40","date_gmt":"2021-05-18T14:13:40","guid":{"rendered":"https:\/\/punta-shopping.de\/shop\/impressum\/"},"modified":"2025-09-29T18:45:48","modified_gmt":"2025-09-29T16:45:48","slug":"impressum","status":"publish","type":"page","link":"https:\/\/punta-shopping.de\/shop\/impressum\/","title":{"rendered":"Impressum"},"content":{"rendered":"\n<div class=\"content content_top_margin\">\n<div class=\"content_inner\">\n<div class=\"container\">\n<div class=\"container_inner default_template_holder clearfix page_container_inner\">\n<div class=\"elementor elementor-361\" data-elementor-type=\"wp-page\" data-elementor-id=\"361\" data-elementor-settings=\"[]\">\n<div class=\"elementor-inner\">\n<div class=\"elementor-section-wrap\">\n<section class=\"elementor-element elementor-element-0f8eaca elementor-section-boxed elementor-section-height-default elementor-section-height-default parallax_section_no qode_elementor_container_no elementor-section elementor-top-section\" data-id=\"0f8eaca\" data-element_type=\"section\">\n<div class=\"elementor-container elementor-column-gap-default\">\n<div class=\"elementor-row\">\n<div class=\"elementor-element elementor-element-194c144 elementor-column elementor-col-100 elementor-top-column\" data-id=\"194c144\" data-element_type=\"column\">\n<div class=\"elementor-column-wrapelementor-element-populated\">\n<div class=\"elementor-widget-wrap\">\n<div class=\"elementor-element elementor-element-be01e60 elementor-widget elementor-widget-text-editor\" data-id=\"be01e60\" data-element_type=\"widget\" data-widget_type=\"text-editor.default\">\n<div class=\"elementor-widget-container\">\n<div class=\"elementor-text-editor elementor-clearfix\">\n<div>\n<h1>Impressum<\/h1>\n<p><strong><span lang=\"DE\">Heinrich<\/span><\/strong><strong><span lang=\"DE\"> Sieber &amp; Co. GmbH &amp; Co. KG<\/span><\/strong><\/p>\n<\/div>\n<div>\n<p><span lang=\"DE\">Am Kraftwerk 5<br \/>D-83435 Bad Reichenhall<\/span><\/p>\n<\/div>\n<div>\n<p>Telefon: +49 8651 6000-0<br \/>Telefax: +49 8651 6000-49<br \/>E-Mail: info@fabrizio.de<\/p>\n<\/div>\n<p>Reg.Gericht Traunstein, HRA 13759<br \/>Siebro Beteiligungs GmbH, Bad Reichenhall, Reg.-Gericht Traunstein HRB 29759<br \/>UID: DE342752275<\/p>\n<p><strong>Gesch\u00e4ftsf\u00fchrer:<\/strong><\/p>\n<p>Dr. Oliver Brosche<br \/>Holger Brosche<\/p>\n<p>Verantwortlich f\u00fcr den Inhalt nach \u00a7 55 Abs. 2 RStV<br \/>Heinrich Sieber &amp; Co. GmbH &amp; Co. KG<br \/>Am Kraftwerk 5<br \/>D- 83435 Bad Reichenhall<\/p>\n<p>Der Nutzung von im Rahmen der Impressumspflicht ver\u00f6ffentlichten Kontaktdaten durch Dritte zur \u00dcbersendung von nicht ausdr\u00fccklich angeforderter Werbung und Informationsmaterialien wird hiermit ausdr\u00fccklich widersprochen. Die Betreiber der Seiten behalten sich ausdr\u00fccklich rechtliche Schritte im Falle der unverlangten Zusendung von Werbeinformationen, etwa durch Spam-Mails, vor.<\/p>\n<\/div>\n<\/div>\n<\/div>\n<\/div>\n<\/div>\n<\/div>\n<\/div>\n<\/div>\n<\/section>\n<\/div>\n<\/div>\n<\/div>\n<\/div>\n<\/div>\n<\/div>\n<\/div>\n<footer>\n<div class=\"footer_inner clearfix\">\n<div class=\"footer_top_holder\">\n<div class=\"footer_top\">\n<div class=\"container\">\n<div class=\"container_inner\">\n<div class=\"three_columns clearfix\">\u00a0<\/div>\n<\/div>\n<\/div>\n<\/div>\n<\/div>\n<\/div>\n<\/footer>\n\n\n<div class=\"woocommerce woocommerce-gzd woocommerce-gzd-complaints-shortcode\">\n\t\t\t<h3>Alternative Streitbeilegung gem\u00e4\u00df Art. 14 Abs. 1 ODR-VO und \u00a7 36 VSBG:<\/h3>\n\t\nZur Teilnahme an einem Streitbeilegungsverfahren vor einer Verbraucherschlichtungsstelle sind wir nicht verpflichtet und nicht bereit.<\/div>\n","protected":false},"excerpt":{"rendered":"","protected":false},"author":1,"featured_media":0,"parent":0,"menu_order":0,"comment_status":"closed","ping_status":"closed","template":"","meta":{"footnotes":""},"class_list":["post-37","page","type-page","status-publish","hentry"],"_links":{"self":[{"href":"https:\/\/punta-shopping.de\/shop\/wp-json\/wp\/v2\/pages\/37","targetHints":{"allow":["GET"]}}],"collection":[{"href":"https:\/\/punta-shopping.de\/shop\/wp-json\/wp\/v2\/pages"}],"about":[{"href":"https:\/\/punta-shopping.de\/shop\/wp-json\/wp\/v2\/types\/page"}],"author":[{"embeddable":true,"href":"https:\/\/punta-shopping.de\/shop\/wp-json\/wp\/v2\/users\/1"}],"replies":[{"embeddable":true,"href":"https:\/\/punta-shopping.de\/shop\/wp-json\/wp\/v2\/comments?post=37"}],"version-history":[{"count":8,"href":"https:\/\/punta-shopping.de\/shop\/wp-json\/wp\/v2\/pages\/37\/revisions"}],"predecessor-version":[{"id":2147,"href":"https:\/\/punta-shopping.de\/shop\/wp-json\/wp\/v2\/pages\/37\/revisions\/2147"}],"wp:attachment":[{"href":"https:\/\/punta-shopping.de\/shop\/wp-json\/wp\/v2\/media?parent=37"}],"curies":[{"name":"wp","href":"https:\/\/api.w.org\/{rel}","templated":true}]}}